{"id":906,"date":"2022-12-21T16:28:32","date_gmt":"2022-12-21T19:28:32","guid":{"rendered":"https:\/\/isfd169villagesell-bue.infd.edu.ar\/sitio\/?page_id=906"},"modified":"2022-12-21T16:30:47","modified_gmt":"2022-12-21T19:30:47","slug":"equivalencias","status":"publish","type":"page","link":"https:\/\/isfd169villagesell-bue.infd.edu.ar\/sitio\/equivalencias\/","title":{"rendered":"EQUIVALENCIAS"},"content":{"rendered":"\n<p>La solicitud de equivalencias se realiza al iniciar el ciclo lectivo 2023:<\/p>\n\n\n\n<p class=\"has-medium-font-size\"><strong>Documentaci\u00f3n requerida:<\/strong><\/p>\n\n\n\n<p>-Certificado anal\u00edtico parcial de materias aprobadas o fotocopia del t\u00edtulo de pre grado o grado (se acompa\u00f1a con el original para su veracidad).<\/p>\n\n\n\n<p>-Completar <a href=\"https:\/\/drive.google.com\/drive\/folders\/1cOCwwSg1p2Lr0kJKk2L9T3G3Y4gRSsor\" target=\"_blank\" rel=\"noreferrer noopener\">FOMULARIO A 14 <\/a>detallando el total de las materias que se solicita equivalencia.<\/p>\n\n\n\n<p>-Completar <a href=\"https:\/\/drive.google.com\/drive\/folders\/1ySskISIPee6xgNnOshUrNrjHvzJI3UH2\" target=\"_blank\" rel=\"noreferrer noopener\">FORMULARIO A 14a<\/a> por cada una de las materias que se solicita equivalencia.<\/p>\n\n\n\n<p>-La documentaci\u00f3n se entrega en <strong>PRECEPTOR\u00cdA<\/strong> dentro de una carpeta de cartulina de 3 solapas, indicando en el r\u00f3tulo APELLIDO, NOMBRE y CARRERA en letra de imprenta may\u00fascula.<\/p>\n","protected":false},"excerpt":{"rendered":"<p>La solicitud de equivalencias se realiza al iniciar el ciclo lectivo 2023: Documentaci\u00f3n requerida: -Certificado anal\u00edtico parcial de materias aprobadas o fotocopia del t\u00edtulo de pre grado o grado (se acompa\u00f1a con el original para su veracidad). -Completar FOMULARIO A 14 detallando el total de las materias que se solicita equivalencia. -Completar FORMULARIO A 14a &#8230; <a title=\"EQUIVALENCIAS\" class=\"read-more\" href=\"https:\/\/isfd169villagesell-bue.infd.edu.ar\/sitio\/equivalencias\/\" aria-label=\"M\u00e1s en EQUIVALENCIAS\">[+]<\/a><\/p>\n","protected":false},"author":11,"featured_media":0,"parent":0,"menu_order":0,"comment_status":"closed","ping_status":"closed","template":"","meta":[],"acf":[],"_links":{"self":[{"href":"https:\/\/isfd169villagesell-bue.infd.edu.ar\/sitio\/wp-json\/wp\/v2\/pages\/906"}],"collection":[{"href":"https:\/\/isfd169villagesell-bue.infd.edu.ar\/sitio\/wp-json\/wp\/v2\/pages"}],"about":[{"href":"https:\/\/isfd169villagesell-bue.infd.edu.ar\/sitio\/wp-json\/wp\/v2\/types\/page"}],"author":[{"embeddable":true,"href":"https:\/\/isfd169villagesell-bue.infd.edu.ar\/sitio\/wp-json\/wp\/v2\/users\/11"}],"replies":[{"embeddable":true,"href":"https:\/\/isfd169villagesell-bue.infd.edu.ar\/sitio\/wp-json\/wp\/v2\/comments?post=906"}],"version-history":[{"count":2,"href":"https:\/\/isfd169villagesell-bue.infd.edu.ar\/sitio\/wp-json\/wp\/v2\/pages\/906\/revisions"}],"predecessor-version":[{"id":910,"href":"https:\/\/isfd169villagesell-bue.infd.edu.ar\/sitio\/wp-json\/wp\/v2\/pages\/906\/revisions\/910"}],"wp:attachment":[{"href":"https:\/\/isfd169villagesell-bue.infd.edu.ar\/sitio\/wp-json\/wp\/v2\/media?parent=906"}],"curies":[{"name":"wp","href":"https:\/\/api.w.org\/{rel}","templated":true}]}}