{"id":868,"date":"2022-12-14T10:09:21","date_gmt":"2022-12-14T13:09:21","guid":{"rendered":"https:\/\/isfd169villagesell-bue.infd.edu.ar\/sitio\/?page_id=868"},"modified":"2022-12-14T10:09:23","modified_gmt":"2022-12-14T13:09:23","slug":"correlatividades-2","status":"publish","type":"page","link":"https:\/\/isfd169villagesell-bue.infd.edu.ar\/sitio\/correlatividades-2\/","title":{"rendered":"Correlatividades"},"content":{"rendered":"\n<p><strong>Carrera:\u00a0Profesorado de Educaci\u00f3n F\u00edsica<\/strong><\/p>\n\n\n\n<p><strong>T\u00edtulo que otorga:\u00a0Profesor\/a de Educaci\u00f3n F\u00edsica<\/strong><\/p>\n\n\n\n<p><strong>Duraci\u00f3n:&nbsp;4 a\u00f1os<\/strong><\/p>\n\n\n\n<p><strong>Resoluci\u00f3n N\u00ba 2432\/09<\/strong><\/p>\n\n\n\n<p><strong>OBSERVACIONES<\/strong>: El Campo de Actualizaci\u00f3n Formativa ser\u00e1 acreditado por Promoci\u00f3n sin examen final.<\/p>\n\n\n\n<p>(*) En el segundo a\u00f1o del Profesorado de Educaci\u00f3n F\u00edsica, para poder inscribirse a Pr\u00e1ctica Docente II, las\/los alumnos deber\u00e1n contar \u00a0con la aptitud fonoaudiol\u00f3gica, emitida por el\/la fonoaudi\u00f3logo\/a de la instituci\u00f3n. Esta certificaci\u00f3n de Aptitud Fonoaudiol\u00f3gica tendr\u00e1 el car\u00e1cter de \u00a0excluyente para acceder a la Pr\u00e1ctica mencionada.<\/p>\n\n\n\n<figure class=\"wp-block-table\"><table><tbody><tr><td><strong>2do. A\u00f1o<\/strong><\/td><td><strong>Correlativa<\/strong><\/td><\/tr><tr><td>Psicolog\u00eda del Desarrollo y el Aprendizaje II<\/td><td>Psicolog\u00eda del Desarrollo y el Aprendizaje I<\/td><\/tr><tr><td>Teor\u00edas Sociopol\u00edticas y Educaci\u00f3n<\/td><td>\u2014\u2014\u2014\u2014\u2014\u2014\u2014\u2014\u2014\u2014\u2014\u2014\u2014\u2014-<\/td><\/tr><tr><td>Did\u00e1ctica y Curr\u00edculum de la Educaci\u00f3n F\u00edsica del Nivel Inicial y del Nivel Primario<\/td><td>Did\u00e1ctica General<\/td><\/tr><tr><td>Did\u00e1ctica de las Pr\u00e1cticas&nbsp;&nbsp;Gimn\u00e1sticas II<\/td><td>Did\u00e1ctica las Pr\u00e1cticas&nbsp;Gimn\u00e1sticas&nbsp;&nbsp;I<\/td><\/tr><tr><td>Did\u00e1ctica de las Pr\u00e1cticas de la&nbsp;&nbsp;Recreaci\u00f3n Participativa<\/td><td>\u2014\u2014\u2014\u2014\u2014\u2014\u2014\u2014\u2014\u2014\u2014\u2014\u2014\u2014-<\/td><\/tr><tr><td>Did\u00e1ctica de las Pr\u00e1cticas Deportivas I<\/td><td>\u2014\u2014\u2014\u2014\u2014\u2014\u2014\u2014\u2014\u2014\u2014\u2014\u2014\u2014-<\/td><\/tr><tr><td>Did\u00e1ctica de las Pr\u00e1cticas Atl\u00e9ticas<\/td><td>\u2014\u2014\u2014\u2014\u2014\u2014\u2014\u2014\u2014\u2014\u2014\u2014\u2014\u2014-<\/td><\/tr><tr><td>Fisiolog\u00eda de la Motricidad<\/td><td>Anatom\u00eda Funcional<\/td><\/tr><tr><td>Did\u00e1ctica de las Pr\u00e1cticas en la Naturaleza y al Aire Libre I<\/td><td>\u2014\u2014\u2014\u2014\u2014\u2014\u2014\u2014\u2014\u2014\u2014\u2014\u2014\u2014-<\/td><\/tr><tr><td>Campo de la Pr\u00e1ctica Docente II *<\/td><td>Campo de la Pr\u00e1ctica Docente I<\/td><\/tr><tr><td><strong>3er. A\u00f1o<\/strong><\/td><td>&nbsp;<\/td><\/tr><tr><td>Configuraciones Culturales del Sujeto Educativo<\/td><td>Psicolog\u00eda del Desarrollo y el Aprendizaje II<\/td><\/tr><tr><td>Historia, Pol\u00edtica y Legislaci\u00f3n Educativa<\/td><td>\u2014\u2014\u2014\u2014\u2014\u2014\u2014\u2014\u2014\u2014\u2014\u2014\u2014\u2014-<\/td><\/tr><tr><td>Did\u00e1ctica de la Educaci\u00f3n F\u00edsica del Nivel Secundario y de otros \u00e1mbitos educativos<\/td><td>Did\u00e1ctica y Curr\u00edculum de la Educaci\u00f3n F\u00edsica del Nivel Inicial y del Nivel Primario<\/td><\/tr><tr><td>Did\u00e1ctica de las Pr\u00e1cticas Gimn\u00e1sticas III<\/td><td>Did\u00e1ctica de las Pr\u00e1cticas Gimn\u00e1sticas II<\/td><\/tr><tr><td>Did\u00e1ctica de las Pr\u00e1cticas Deportivas II<\/td><td>\u2014\u2014\u2014\u2014\u2014\u2014\u2014\u2014\u2014\u2014\u2014\u2014\u2014\u2014-<\/td><\/tr><tr><td>Did\u00e1ctica de las Pr\u00e1cticas en la Naturaleza y al Aire Libre II<\/td><td>Did\u00e1ctica de las Pr\u00e1cticas en la Naturaleza y al Aire Libre I<\/td><\/tr><tr><td>Metodolog\u00eda de la Investigaci\u00f3n en Educaci\u00f3n F\u00edsica<\/td><td>Did\u00e1ctica y Curr\u00edculum de la Educaci\u00f3n F\u00edsica del Nivel Inicial y del Nivel PrimarioCampo de la Pr\u00e1ctica Docente II<\/td><\/tr><tr><td>An\u00e1lisis de las Acciones Motrices<\/td><td>Fisiolog\u00eda de la motricidad<\/td><\/tr><tr><td>Campo de la Pr\u00e1ctica Docente III<\/td><td>Campo de la Pr\u00e1ctica Docente IIDid\u00e1ctica y Curr\u00edculum de la Educaci\u00f3n F\u00edsica del Nivel Inicial y del Nivel PrimarioDid\u00e1ctica de las Pr\u00e1cticas L\u00fadicasDid\u00e1ctica de las Pr\u00e1cticas Acu\u00e1ticasDid\u00e1ctica de las Pr\u00e1cticas&nbsp;&nbsp;Gimn\u00e1sticas IIDid\u00e1ctica de las Pr\u00e1cticas de la&nbsp;&nbsp;Recreaci\u00f3n ParticipativaDid\u00e1ctica de las Pr\u00e1cticas Deportivas IDid\u00e1ctica de las Pr\u00e1cticas Atl\u00e9ticasDid\u00e1ctica de las Pr\u00e1cticas en la Naturaleza y al Aire Libre I<\/td><\/tr><tr><td><strong>4er. A\u00f1o<\/strong><\/td><td>&nbsp;<\/td><\/tr><tr><td>Pedagog\u00eda cr\u00edtica de las diferencias<\/td><td>\u2014\u2014\u2014\u2014\u2014\u2014\u2014\u2014\u2014\u2014\u2014\u2014\u2014\u2014-<\/td><\/tr><tr><td>Reflexi\u00f3n filos\u00f3fica de la educaci\u00f3n<\/td><td>\u2014\u2014\u2014\u2014\u2014\u2014\u2014\u2014\u2014\u2014\u2014\u2014\u2014\u2014-<\/td><\/tr><tr><td>Dimensi\u00f3n \u00e9tico \u2013 pol\u00edtica de la praxis docente<\/td><td>\u2014\u2014\u2014\u2014\u2014\u2014\u2014\u2014\u2014\u2014\u2014\u2014\u2014\u2014-<\/td><\/tr><tr><td>Did\u00e1ctica de las Pr\u00e1cticas Gimn\u00e1sticas Especiales<\/td><td>Did\u00e1ctica de las Pr\u00e1cticas Gimn\u00e1sticas III<\/td><\/tr><tr><td>Did\u00e1ctica de las Pr\u00e1cticas Deportivas III<\/td><td>\u2014\u2014\u2014\u2014\u2014\u2014\u2014\u2014\u2014\u2014\u2014\u2014\u2014\u2014-<\/td><\/tr><tr><td>Antropolog\u00eda y Sociolog\u00eda del cuerpo<\/td><td>\u2014\u2014\u2014\u2014\u2014\u2014\u2014\u2014\u2014\u2014\u2014\u2014\u2014\u2014-<\/td><\/tr><tr><td>Did\u00e1ctica del &nbsp;Entrenamiento<\/td><td>An\u00e1lisis de las Acciones Motrices<\/td><\/tr><tr><td>Campo de la Pr\u00e1ctica Docente IV<\/td><td>Campo de la Pr\u00e1ctica Docente IIIDid\u00e1ctica de la Educaci\u00f3n F\u00edsica del Nivel Secundario y de otros \u00e1mbitos educativosDid\u00e1ctica de las Pr\u00e1cticas Gimn\u00e1sticas IIIDid\u00e1ctica de las Pr\u00e1cticas Deportivas IIDid\u00e1ctica de las Pr\u00e1cticas en la Naturaleza y al Aire Libre II<\/td><\/tr><\/tbody><\/table><\/figure>\n","protected":false},"excerpt":{"rendered":"<p>Carrera:\u00a0Profesorado de Educaci\u00f3n F\u00edsica T\u00edtulo que otorga:\u00a0Profesor\/a de Educaci\u00f3n F\u00edsica Duraci\u00f3n:&nbsp;4 a\u00f1os Resoluci\u00f3n N\u00ba 2432\/09 OBSERVACIONES: El Campo de Actualizaci\u00f3n Formativa ser\u00e1 acreditado por Promoci\u00f3n sin examen final. (*) En el segundo a\u00f1o del Profesorado de Educaci\u00f3n F\u00edsica, para poder inscribirse a Pr\u00e1ctica Docente II, las\/los alumnos deber\u00e1n contar \u00a0con la aptitud fonoaudiol\u00f3gica, emitida por &#8230; <a title=\"Correlatividades\" class=\"read-more\" href=\"https:\/\/isfd169villagesell-bue.infd.edu.ar\/sitio\/correlatividades-2\/\" aria-label=\"M\u00e1s en Correlatividades\">[+]<\/a><\/p>\n","protected":false},"author":11,"featured_media":0,"parent":0,"menu_order":0,"comment_status":"closed","ping_status":"closed","template":"","meta":[],"acf":[],"_links":{"self":[{"href":"https:\/\/isfd169villagesell-bue.infd.edu.ar\/sitio\/wp-json\/wp\/v2\/pages\/868"}],"collection":[{"href":"https:\/\/isfd169villagesell-bue.infd.edu.ar\/sitio\/wp-json\/wp\/v2\/pages"}],"about":[{"href":"https:\/\/isfd169villagesell-bue.infd.edu.ar\/sitio\/wp-json\/wp\/v2\/types\/page"}],"author":[{"embeddable":true,"href":"https:\/\/isfd169villagesell-bue.infd.edu.ar\/sitio\/wp-json\/wp\/v2\/users\/11"}],"replies":[{"embeddable":true,"href":"https:\/\/isfd169villagesell-bue.infd.edu.ar\/sitio\/wp-json\/wp\/v2\/comments?post=868"}],"version-history":[{"count":1,"href":"https:\/\/isfd169villagesell-bue.infd.edu.ar\/sitio\/wp-json\/wp\/v2\/pages\/868\/revisions"}],"predecessor-version":[{"id":870,"href":"https:\/\/isfd169villagesell-bue.infd.edu.ar\/sitio\/wp-json\/wp\/v2\/pages\/868\/revisions\/870"}],"wp:attachment":[{"href":"https:\/\/isfd169villagesell-bue.infd.edu.ar\/sitio\/wp-json\/wp\/v2\/media?parent=868"}],"curies":[{"name":"wp","href":"https:\/\/api.w.org\/{rel}","templated":true}]}}