{"id":865,"date":"2022-12-13T17:41:07","date_gmt":"2022-12-13T20:41:07","guid":{"rendered":"https:\/\/isfd169villagesell-bue.infd.edu.ar\/sitio\/?page_id=865"},"modified":"2022-12-28T10:16:22","modified_gmt":"2022-12-28T13:16:22","slug":"plan-de-estudio","status":"publish","type":"page","link":"https:\/\/isfd169villagesell-bue.infd.edu.ar\/sitio\/plan-de-estudio\/","title":{"rendered":"Plan de Estudio"},"content":{"rendered":"\n<p><strong>CARRERA: Profesorado de Educaci\u00f3n Inicial<\/strong><\/p>\n\n\n\n<p><\/p>\n\n\n\n<p><strong>ESTRUCTURA&nbsp; CURRICULAR  del Profesorado de Educaci\u00f3n Inicial<\/strong><\/p>\n\n\n\n<p><strong>PRIMER A\u00d1O<\/strong><\/p>\n\n\n\n<figure class=\"wp-block-table\"><table><tbody><tr><td><strong>CAMPOS<\/strong><\/td><td><strong>ESTRUCTURA&nbsp; CURRICULAR<\/strong><\/td><td><strong>CARGA HORARIA ANUAL<\/strong><\/td><\/tr><tr><td><strong>CAMPO&nbsp; DE ACTUALIZACION<\/strong><strong>&nbsp;FORMATIVA<\/strong><\/td><td><strong>Taller de lectura, escritura y oralidad<\/strong><\/td><td><strong>64 m\u00f3dulos<\/strong><\/td><\/tr><tr><td><strong>Taller de pensamiento l\u00f3gico matem\u00e1tico<\/strong><\/td><td><strong>64 m\u00f3dulos<\/strong><\/td><\/tr><tr><td><strong>Taller de definici\u00f3n institucional&nbsp; (TADI)<\/strong><\/td><td><strong>64 m\u00f3dulos<\/strong><\/td><\/tr><tr><td><strong>CAMPO&nbsp; DE LA SUBJETIVIDAD Y LAS CULTURAS<\/strong><\/td><td><strong>Psicolog\u00eda del desarrollo y el aprendizaje I<\/strong><\/td><td><strong>64 m\u00f3dulos<\/strong><\/td><\/tr><tr><td><strong>Educaci\u00f3n temprana<\/strong><\/td><td><strong>64 m\u00f3dulos<\/strong><\/td><\/tr><tr><td><strong>CAMPO DE LOS SABERES A ENSE\u00d1AR<\/strong><\/td><td><strong>Corporeidad y motricidad<\/strong><\/td><td><strong>32 m\u00f3dulos<\/strong><\/td><\/tr><tr><td><strong>CAMPO DE LA FUNDAMENTACI\u00d3N<\/strong><\/td><td><strong>Filosof\u00eda<\/strong><\/td><td><strong>64 m\u00f3dulos<\/strong><\/td><\/tr><tr><td><strong>Did\u00e1ctica general<\/strong><\/td><td><strong>64 m\u00f3dulos<\/strong><\/td><\/tr><tr><td><strong>Pedagog\u00eda<\/strong><\/td><td><strong>64 m\u00f3dulos<\/strong><\/td><\/tr><tr><td><strong>An\u00e1lisis del mundo contempor\u00e1neo<\/strong><\/td><td><strong>32 m\u00f3dulos<\/strong><\/td><\/tr><tr><td><strong>CAMPO DE LA PR\u00c1CTICA DOCENTE<\/strong><\/td><td><strong>Pr\u00e1ctica en terreno<\/strong><\/td><td><strong>32 m\u00f3dulos<\/strong><\/td><\/tr><tr><td><strong>Taller integrador&nbsp; interdisciplinario<\/strong><\/td><td><strong>32 m\u00f3dulos<\/strong><\/td><\/tr><tr><td><strong>Herramientas<\/strong><\/td><td><strong>32 m\u00f3dulos<\/strong><\/td><\/tr><tr><td><strong>Total de horas 672 m\u00f3dulos<\/strong><\/td><\/tr><\/tbody><\/table><\/figure>\n\n\n\n<p><strong>SEGUNDO A\u00d1O<\/strong><\/p>\n\n\n\n<figure class=\"wp-block-table\"><table><tbody><tr><td><strong>CAMPOS<\/strong><\/td><td><strong>ESTRUCTURA&nbsp; CURRICULAR<\/strong><\/td><td><strong>CARGA HORARIA ANUAL<\/strong><\/td><\/tr><tr><td><strong>CAMPO&nbsp; DE LA SUBJETIVIDAD Y LAS CULTURAS<\/strong><\/td><td><strong>Psicolog\u00eda del desarrollo y el aprendizaje II<\/strong><\/td><td><strong>64 m\u00f3dulos<\/strong><\/td><\/tr><tr><td><strong>Psicolog\u00eda social e institucional<\/strong><\/td><td><strong>32 m\u00f3dulos<\/strong><\/td><\/tr><tr><td><strong>Cultura, comunicaci\u00f3n y educaci\u00f3n<\/strong><\/td><td><strong>32 m\u00f3dulos<\/strong><\/td><\/tr><tr><td><strong>CAMPO DE LOS SABERES A ENSE\u00d1AR<\/strong><\/td><td><strong>Educaci\u00f3n pl\u00e1stica<\/strong><\/td><td><strong>64 m\u00f3dulos<\/strong><\/td><\/tr><tr><td><strong>Did\u00e1ctica de&nbsp; las Pr\u00e1cticas del Leguaje&nbsp;&nbsp; y la Literatura I<\/strong><\/td><td><strong>64 m\u00f3dulos<\/strong><\/td><\/tr><tr><td><strong>Did\u00e1ctica de&nbsp; las Ciencias&nbsp;<\/strong><strong>Sociales I<\/strong><\/td><td><strong>64 m\u00f3dulos<\/strong><\/td><\/tr><tr><td><strong>Did\u00e1ctica de&nbsp; las Ciencias Naturales I<\/strong><\/td><td><strong>64 m\u00f3dulos<\/strong><\/td><\/tr><tr><td><strong>Did\u00e1ctica de&nbsp; la Matem\u00e1tica I<\/strong><\/td><td><strong>64 m\u00f3dulos<\/strong><\/td><\/tr><tr><td><strong>CAMPO DE LA FUNDAMENTACI\u00d3N<\/strong><\/td><td><strong>Teor\u00edas&nbsp; sociopol\u00edticas y educaci\u00f3n<\/strong><\/td><td><strong>64 m\u00f3dulos<\/strong><\/td><\/tr><tr><td><strong>Did\u00e1ctica y curr\u00edculum\u00a0 de nivel inicial<\/strong><\/td><td><strong>64 m\u00f3dulos<\/strong><\/td><\/tr><tr><td><strong>CAMPO DE LA PR\u00c1CTICA DOCENTE<\/strong><\/td><td><strong>Pr\u00e1ctica en terreno<\/strong><\/td><td><strong>64 m\u00f3dulos<\/strong><\/td><\/tr><tr><td><strong>Taller integrador&nbsp; interdisciplinario<\/strong><\/td><td><strong>32 m\u00f3dulos<\/strong><\/td><\/tr><tr><td><strong>Herramientas<\/strong><\/td><td><strong>32 m\u00f3dulos<\/strong><\/td><\/tr><tr><td><strong>Total de horas 704 m\u00f3dulos<\/strong><\/td><\/tr><\/tbody><\/table><\/figure>\n\n\n\n<p><strong>TERCER A\u00d1O<\/strong><\/p>\n\n\n\n<figure class=\"wp-block-table\"><table><tbody><tr><td><strong>CAMPOS<\/strong><\/td><td><strong>ESTRUCTURA&nbsp; CURRICULAR<\/strong><\/td><td><strong>CARGA HORARIA ANUAL<\/strong><\/td><\/tr><tr><td><\/td><td><strong>Juego y desarrollo infantil<\/strong><\/td><td><strong>64 m\u00f3dulos<\/strong><\/td><\/tr><tr><td><strong>CAMPO&nbsp; DE LA SUBJETIVIDAD Y LAS CULTURAS<\/strong><\/td><td><strong>Medios audiovisuales, TIC y Educaci\u00f3n<\/strong><\/td><td><strong>32 m\u00f3dulos<\/strong><\/td><\/tr><tr><td><strong>&nbsp;C<\/strong><strong>AMPO DE LOS SABERES A ENSE\u00d1AR<\/strong><\/td><td><strong>Educaci\u00f3n&nbsp; musical<\/strong><\/td><td><strong>64 m\u00f3dulos<\/strong><\/td><\/tr><tr><td><strong>Educaci\u00f3n F\u00edsica&nbsp; escolar<\/strong><\/td><td><strong>64 m\u00f3dulos<\/strong><\/td><\/tr><tr><td><strong>Taller de&nbsp; Literatura&nbsp; infantil<\/strong><\/td><td><strong>32 m\u00f3dulos<\/strong><\/td><\/tr><tr><td><strong>Taller Ciencias Sociales<\/strong><\/td><td><strong>32 m\u00f3dulos<\/strong><\/td><\/tr><tr><td><strong>Taller&nbsp; Ciencias Naturales<\/strong><\/td><td><strong>32 m\u00f3dulos<\/strong><\/td><\/tr><tr><td><strong>Taller de&nbsp; la Matem\u00e1tica<\/strong><\/td><td><strong>&nbsp;&nbsp;&nbsp;&nbsp;&nbsp;&nbsp;&nbsp; 32 m\u00f3dulos<\/strong><\/td><\/tr><tr><td><strong>Producci\u00f3n de materiales y objetos l\u00fadicos<\/strong><\/td><td><strong>&nbsp;&nbsp;&nbsp;&nbsp;&nbsp;&nbsp; 32 m\u00f3dulos<\/strong><\/td><\/tr><tr><td><strong>CAMPO DE LA FUNDAMENTACI\u00d3N<\/strong><\/td><td><strong>&nbsp;Historia y prospectivo de la educaci\u00f3n<\/strong><\/td><td><strong>64 m\u00f3dulos<\/strong><\/td><\/tr><tr><td><strong>Pol\u00edticas, legislaci\u00f3n y administraci\u00f3n del trabajo escolar<\/strong><\/td><td><strong>64 m\u00f3dulos<\/strong><\/td><\/tr><tr><td><strong>CAMPO DE LA PR\u00c1CTICA DOCENTE<\/strong><\/td><td><strong>Pr\u00e1ctica en terreno<\/strong><\/td><td><strong>128 m\u00f3dulos<\/strong><\/td><\/tr><tr><td><strong>Taller integrador&nbsp; interdisciplinario<\/strong><\/td><td><strong>32 m\u00f3dulos<\/strong><\/td><\/tr><tr><td><strong>Herramientas<\/strong><\/td><td><strong>32 m\u00f3dulos<\/strong><\/td><\/tr><tr><td><strong>Total de horas 704 m\u00f3dulos<\/strong><\/td><\/tr><\/tbody><\/table><\/figure>\n\n\n\n<p><strong>CUARTO A\u00d1O<\/strong><\/p>\n\n\n\n<figure class=\"wp-block-table\"><table><tbody><tr><td><strong>CAMPOS<\/strong><\/td><td><strong>ESTRUCTURA&nbsp; CURRICULAR<\/strong><\/td><td><strong>CARGA HORARIA ANUAL<\/strong><\/td><\/tr><tr><td><strong>CAMPO&nbsp; DE LA SUBJETIVIDAD Y LAS CULTURAS<\/strong><\/td><td><strong>Educaci\u00f3n en y para la salud<\/strong><\/td><td><strong>32 m\u00f3dulos<\/strong><\/td><\/tr><tr><td><strong>CAMPO DE LOS SABERES A ENSE\u00d1AR<\/strong><\/td><td><strong>Ateneo de&nbsp; las Pr\u00e1cticas del Leguaje&nbsp;&nbsp; y la Literatura<\/strong><\/td><td><strong>64 m\u00f3dulos<\/strong><\/td><\/tr><tr><td><strong>Ateneo de&nbsp; la Naturaleza y Sociedad<\/strong><\/td><td><strong>64 m\u00f3dulos<\/strong><\/td><\/tr><tr><td><strong>Ateneo de&nbsp; las nuevas experiencias est\u00e9ticas<\/strong><\/td><td><strong>64 m\u00f3dulos<\/strong><\/td><\/tr><tr><td><strong>Ateneo de&nbsp; la Matem\u00e1tica<\/strong><\/td><td><strong>64 m\u00f3dulos<\/strong><\/td><\/tr><tr><td><strong>CAMPO DE LA FUNDAMENTACI\u00d3N<\/strong><\/td><td><strong>Reflexi\u00f3n filos\u00f3fica de la Educaci\u00f3n<\/strong><\/td><td><strong>32 m\u00f3dulos<\/strong><\/td><\/tr><tr><td><strong>Dimensi\u00f3n \u00e9tico pol\u00edtica de la praxis docente<\/strong><\/td><td><strong>32 m\u00f3dulos<\/strong><\/td><\/tr><tr><td><strong>CAMPO DE LA PR\u00c1CTICA DOCENTE<\/strong><\/td><td><strong>Pr\u00e1ctica en terreno<\/strong><\/td><td><strong>256 m\u00f3dulos<\/strong><\/td><\/tr><tr><td><strong>Taller integrador&nbsp; interdisciplinario<\/strong><\/td><td><strong>32 m\u00f3dulos<\/strong><\/td><\/tr><tr><td><strong>TRAYECTO FORMATIVO OPCIONAL<\/strong><\/td><td><strong>TFO<\/strong><\/td><td><strong>32 m\u00f3dulos<\/strong><\/td><\/tr><tr><td><strong>Total de horas 704 m\u00f3dulos<\/strong><\/td><\/tr><\/tbody><\/table><\/figure>\n\n\n\n<p><strong>GARGA HORARIA TOTAL&nbsp; DE LA CARRERA&nbsp; 2816 HORAS<\/strong><\/p>\n","protected":false},"excerpt":{"rendered":"<p>CARRERA: Profesorado de Educaci\u00f3n Inicial ESTRUCTURA&nbsp; CURRICULAR del Profesorado de Educaci\u00f3n Inicial PRIMER A\u00d1O CAMPOS ESTRUCTURA&nbsp; CURRICULAR CARGA HORARIA ANUAL CAMPO&nbsp; DE ACTUALIZACION&nbsp;FORMATIVA Taller de lectura, escritura y oralidad 64 m\u00f3dulos Taller de pensamiento l\u00f3gico matem\u00e1tico 64 m\u00f3dulos Taller de definici\u00f3n institucional&nbsp; (TADI) 64 m\u00f3dulos CAMPO&nbsp; DE LA SUBJETIVIDAD Y LAS CULTURAS Psicolog\u00eda del desarrollo &#8230; <a title=\"Plan de Estudio\" class=\"read-more\" href=\"https:\/\/isfd169villagesell-bue.infd.edu.ar\/sitio\/plan-de-estudio\/\" aria-label=\"M\u00e1s en Plan de Estudio\">[+]<\/a><\/p>\n","protected":false},"author":11,"featured_media":0,"parent":0,"menu_order":0,"comment_status":"closed","ping_status":"closed","template":"","meta":[],"acf":[],"_links":{"self":[{"href":"https:\/\/isfd169villagesell-bue.infd.edu.ar\/sitio\/wp-json\/wp\/v2\/pages\/865"}],"collection":[{"href":"https:\/\/isfd169villagesell-bue.infd.edu.ar\/sitio\/wp-json\/wp\/v2\/pages"}],"about":[{"href":"https:\/\/isfd169villagesell-bue.infd.edu.ar\/sitio\/wp-json\/wp\/v2\/types\/page"}],"author":[{"embeddable":true,"href":"https:\/\/isfd169villagesell-bue.infd.edu.ar\/sitio\/wp-json\/wp\/v2\/users\/11"}],"replies":[{"embeddable":true,"href":"https:\/\/isfd169villagesell-bue.infd.edu.ar\/sitio\/wp-json\/wp\/v2\/comments?post=865"}],"version-history":[{"count":2,"href":"https:\/\/isfd169villagesell-bue.infd.edu.ar\/sitio\/wp-json\/wp\/v2\/pages\/865\/revisions"}],"predecessor-version":[{"id":912,"href":"https:\/\/isfd169villagesell-bue.infd.edu.ar\/sitio\/wp-json\/wp\/v2\/pages\/865\/revisions\/912"}],"wp:attachment":[{"href":"https:\/\/isfd169villagesell-bue.infd.edu.ar\/sitio\/wp-json\/wp\/v2\/media?parent=865"}],"curies":[{"name":"wp","href":"https:\/\/api.w.org\/{rel}","templated":true}]}}