{"id":862,"date":"2022-12-13T17:37:05","date_gmt":"2022-12-13T20:37:05","guid":{"rendered":"https:\/\/isfd169villagesell-bue.infd.edu.ar\/sitio\/?page_id=862"},"modified":"2022-12-13T17:37:06","modified_gmt":"2022-12-13T20:37:06","slug":"correlatividades","status":"publish","type":"page","link":"https:\/\/isfd169villagesell-bue.infd.edu.ar\/sitio\/correlatividades\/","title":{"rendered":"Correlatividades"},"content":{"rendered":"\n<p><strong>Resoluci\u00f3n 1117\/09 modifica las correlatividades del dise\u00f1o<\/strong><\/p>\n\n\n\n<p><strong>CORRELATIVIDADES DEL PROFESORADO DE NIVEL INICIAL<\/strong><\/p>\n\n\n\n<figure class=\"wp-block-table\"><table><tbody><tr><td><strong>2\u00ba A\u00d1O<\/strong><\/td><\/tr><tr><td><strong>PARA CURSAR<\/strong><\/td><td><strong>SE REQUIERE TENER APROBADA<\/strong><\/td><\/tr><tr><td>Psicolog\u00eda del Desarrollo y el Aprendizaje II<\/td><td>Psicolog\u00eda del Desarrollo y el Aprendizaje I<\/td><\/tr><tr><td>Psicolog\u00eda Social e Institucional<\/td><td>_________<\/td><\/tr><tr><td>Cultura, Comunicaci\u00f3n y Educaci\u00f3n<\/td><td>_________<\/td><\/tr><tr><td>Campo de la Pr\u00e1ctica Docente II<\/td><td>Campo de la Pr\u00e1ctica Docente I<\/td><\/tr><tr><td>Educaci\u00f3n Pl\u00e1stica<\/td><td>_________<\/td><\/tr><tr><td>Did\u00e1ctica de Pr\u00e1cticas del Lenguaje y la Literatura<\/td><td>_________<\/td><\/tr><tr><td>Did\u00e1ctica de las Ciencias Sociales<\/td><td>_________<\/td><\/tr><tr><td>Did\u00e1ctica de las Ciencias Naturales<\/td><td>_________<\/td><\/tr><tr><td>Did\u00e1ctica de la Matem\u00e1tica<\/td><td>_________<\/td><\/tr><tr><td>Teor\u00edas Sociopol\u00edticas y Educaci\u00f3n<\/td><td>_________<\/td><\/tr><tr><td>Did\u00e1ctica y Curriculum del Nivel Inicial<\/td><td>Did\u00e1ctica General<\/td><\/tr><tr><td><strong>3\u00ba A\u00d1O<\/strong><\/td><\/tr><tr><td>Juegos y Desarrollo Infantil<\/td><td>Psicolog\u00eda del Desarrollo y el Aprendizaje I<\/td><\/tr><tr><td>Medios audiovisuales, TIC\u00b4s y Educaci\u00f3n<\/td><td>_________<\/td><\/tr><tr><td>Educaci\u00f3n Musical<\/td><td>_________<\/td><\/tr><tr><td>Educaci\u00f3n F\u00edsica Escolar<\/td><td>_________<\/td><\/tr><tr><td>Taller de Ciencias Sociales<\/td><td>Did\u00e1ctica de las Ciencias Sociales<\/td><\/tr><tr><td>Taller de Ciencias Naturales<\/td><td>Did\u00e1ctica de las Ciencias Naturales<\/td><\/tr><tr><td>Taller de Literatura Infantil<\/td><td>Did\u00e1ctica de Pr\u00e1cticas del Lenguaje y la Literatura<\/td><\/tr><tr><td>Taller de Matem\u00e1tica<\/td><td>Did\u00e1ctica de la Matem\u00e1tica<\/td><\/tr><tr><td>Producci\u00f3n de Materiales y Objetos l\u00fadicos<\/td><td>__________<\/td><\/tr><tr><td>Historia y Prospectiva de la Educaci\u00f3n<\/td><td>__________<\/td><\/tr><tr><td>Pol\u00edticas, Legislaci\u00f3n y Administraci\u00f3n del Trabajo Escolar<\/td><td>__________<\/td><\/tr><tr><td>Campo de la Pr\u00e1ctica Docente III<\/td><td>Campo de la Pr\u00e1ctica Docente II Did\u00e1ctica de las pr\u00e1cticas del Lenguaje y la Literatura Did\u00e1ctica de las Ciencias Sociales Did\u00e1ctica de las Ciencias Naturales Did\u00e1ctica de la Matem\u00e1tica Did\u00e1ctica y Curriculum del Nivel Inicial<\/td><\/tr><tr><td><strong>4\u00ba A\u00d1O<\/strong><\/td><\/tr><tr><td>Educaci\u00f3n en y para la salud<\/td><td>_________<\/td><\/tr><tr><td>Ateneo de Pr\u00e1cticas del Lenguaje y la Literatura<\/td><td>Taller de Literatura Infantil<\/td><\/tr><tr><td>Ateneo de Matem\u00e1tica<\/td><td>Taller de la Matem\u00e1tica<\/td><\/tr><tr><td>Ateneo de Naturaleza y Sociedad<\/td><td>Taller de Ciencias Naturales Taller de Ciencias Sociales<\/td><\/tr><tr><td>Ateneo de Nuevas Expresiones est\u00e9ticas<\/td><td>_________<\/td><\/tr><tr><td>Reflexi\u00f3n filos\u00f3fica de la Educaci\u00f3n<\/td><td>Filosof\u00eda Pedagog\u00eda<\/td><\/tr><tr><td>Dimensi\u00f3n \u00e9tico pol\u00edtica de la praxis docente<\/td><td>Teor\u00edas Sociopol\u00edticas y Educaci\u00f3n<\/td><\/tr><tr><td>Campo de la Pr\u00e1ctica Docente IV<\/td><td>Campo de la Pr\u00e1ctica Docente III Taller de Ciencias Sociales Taller de Ciencias Naturales Taller de Literatura Infantil Taller de Matem\u00e1tica<\/td><\/tr><\/tbody><\/table><\/figure>\n\n\n\n<p><strong>OBSERVACIONES<\/strong>: El Campo de Actualizaci\u00f3n Formativa ser\u00e1 acreditado por Promoci\u00f3n sin examen final.<\/p>\n\n\n\n<p>En el segundo a\u00f1o del Profesorado de Educaci\u00f3n Inicial, para poder inscribirse a Pr\u00e1ctica Docente II, las\/los alumnos  deber\u00e1n contar \u00a0con la certificaci\u00f3n de la salud y la aptitud fonoaudiol\u00f3gica, emitida por el\/la fonoaudi\u00f3logo\/a de la instituci\u00f3n. Esta certificaci\u00f3n de Aptitud Fonoaudiol\u00f3gica tendr\u00e1 el car\u00e1cter de \u00a0excluyente para acceder a la Pr\u00e1ctica mencionada.<\/p>\n\n\n\n<p>De acuerdo a la Resoluci\u00f3n N\u00ba 4154\/07 que aprueba el r\u00e9gimen de correlatividades de las carreras de Educaci\u00f3n Inicial y Educaci\u00f3n Primaria, se establece que para cursar 3\u00ba TERCER a\u00f1o, la\/el estudiante deber\u00e1 tener aprobado todas las materias de 1\u00ba PRIMERO y para cursar 4\u00ba CUARTO deber\u00e1 tener aprobado 1\u00ba PRIMERO y 2\u00ba SEGUNDO a\u00f1o.<\/p>\n","protected":false},"excerpt":{"rendered":"<p>Resoluci\u00f3n 1117\/09 modifica las correlatividades del dise\u00f1o CORRELATIVIDADES DEL PROFESORADO DE NIVEL INICIAL 2\u00ba A\u00d1O PARA CURSAR SE REQUIERE TENER APROBADA Psicolog\u00eda del Desarrollo y el Aprendizaje II Psicolog\u00eda del Desarrollo y el Aprendizaje I Psicolog\u00eda Social e Institucional _________ Cultura, Comunicaci\u00f3n y Educaci\u00f3n _________ Campo de la Pr\u00e1ctica Docente II Campo de la Pr\u00e1ctica &#8230; <a title=\"Correlatividades\" class=\"read-more\" href=\"https:\/\/isfd169villagesell-bue.infd.edu.ar\/sitio\/correlatividades\/\" aria-label=\"M\u00e1s en Correlatividades\">[+]<\/a><\/p>\n","protected":false},"author":11,"featured_media":0,"parent":0,"menu_order":0,"comment_status":"closed","ping_status":"closed","template":"","meta":[],"acf":[],"_links":{"self":[{"href":"https:\/\/isfd169villagesell-bue.infd.edu.ar\/sitio\/wp-json\/wp\/v2\/pages\/862"}],"collection":[{"href":"https:\/\/isfd169villagesell-bue.infd.edu.ar\/sitio\/wp-json\/wp\/v2\/pages"}],"about":[{"href":"https:\/\/isfd169villagesell-bue.infd.edu.ar\/sitio\/wp-json\/wp\/v2\/types\/page"}],"author":[{"embeddable":true,"href":"https:\/\/isfd169villagesell-bue.infd.edu.ar\/sitio\/wp-json\/wp\/v2\/users\/11"}],"replies":[{"embeddable":true,"href":"https:\/\/isfd169villagesell-bue.infd.edu.ar\/sitio\/wp-json\/wp\/v2\/comments?post=862"}],"version-history":[{"count":1,"href":"https:\/\/isfd169villagesell-bue.infd.edu.ar\/sitio\/wp-json\/wp\/v2\/pages\/862\/revisions"}],"predecessor-version":[{"id":864,"href":"https:\/\/isfd169villagesell-bue.infd.edu.ar\/sitio\/wp-json\/wp\/v2\/pages\/862\/revisions\/864"}],"wp:attachment":[{"href":"https:\/\/isfd169villagesell-bue.infd.edu.ar\/sitio\/wp-json\/wp\/v2\/media?parent=862"}],"curies":[{"name":"wp","href":"https:\/\/api.w.org\/{rel}","templated":true}]}}