{"id":802,"date":"2022-12-01T17:25:46","date_gmt":"2022-12-01T20:25:46","guid":{"rendered":"https:\/\/isfd169villagesell-bue.infd.edu.ar\/sitio\/?page_id=802"},"modified":"2023-02-17T13:37:01","modified_gmt":"2023-02-17T16:37:01","slug":"inscripcion-aspirantes-ingreso-2023","status":"publish","type":"page","link":"https:\/\/isfd169villagesell-bue.infd.edu.ar\/sitio\/inscripcion-aspirantes-ingreso-2023\/","title":{"rendered":"INGRESO 2023"},"content":{"rendered":"\n<p class=\"has-large-font-size\"><strong>1\u00ba Etapa: Pre Inscripci\u00f3n ON LINE<\/strong> hasta el 28 de febrero.<\/p>\n\n\n\n<p class=\"has-large-font-size\">Solo para el Profesorado de Educaci\u00f3n Inicial.<\/p>\n\n\n\n<p class=\"has-large-font-size\">La pre inscripci\u00f3n al Profesorado de Educaci\u00f3n F\u00edsica se encuentra finalizada.  <\/p>\n\n\n\n<p class=\"has-medium-font-size\"><strong><a href=\"https:\/\/forms.gle\/Bvdcmaqz82xzi9M16\" target=\"_blank\" rel=\"noreferrer noopener\">Completar formulario de PRE INSCRIPCI\u00d3N ON  LINE <\/a><\/strong><\/p>\n\n\n\n<p class=\"has-large-font-size\"><strong>2\u00ba Etapa:<\/strong> <strong>Pre Inscripci\u00f3n PRESENCIAL.<\/strong><\/p>\n\n\n\n<p class=\"has-large-font-size\">Las y los esperamos a partir del mi\u00e9rcoles 22 de febrero de 18:30 a 21: 30 hs para presentar la documentaci\u00f3n en sede del Anexo 3691 Villa Gesell. Av. 4 N\u00ba 468 y Paseo 105 (en el edificio de la Escuela Primaria N\u00ba 1).<\/p>\n\n\n\n<p class=\"has-large-font-size\">DOCUMENTACI\u00d3N:<\/p>\n\n\n\n<p class=\"has-medium-font-size\">1)FORMULARIO DE INSCRIPCI\u00d3N completo con letra de imprenta may\u00fascula, en tinta azul o digitalizado con firma de pu\u00f1o y letra en tinta azul. (se requiere para AMBOS PROFESORADOS)<\/p>\n\n\n\n<p><a href=\"https:\/\/drive.google.com\/drive\/folders\/1y_HMSs7FkBPB6NW1-V3GK5pt-3zNI80U\" data-type=\"URL\">Hac\u00e9 click ac\u00e1 para descargar FORMULARIO DE INSCRIPCI\u00d3N PROFESORADO DE EDUCACI\u00d3N INICIAL<\/a><\/p>\n\n\n\n<p><a rel=\"noreferrer noopener\" href=\"https:\/\/drive.google.com\/drive\/folders\/1pq7jKZFNegB3u9gQfT8DbZyxxhCp4l11\" target=\"_blank\">Hac\u00e9 click ac\u00e1 para descargar FORMULARIO DE INSCRIPCI\u00d3N PROFESORADO DE EDUCACI\u00d3N F\u00cdSICA<\/a><\/p>\n\n\n\n<p>2) FICHA DE SALUD: firmada por un profesional de la salud. (Solo para el Profesorado de Educaci\u00f3n F\u00edsica).<\/p>\n\n\n\n<p><a rel=\"noreferrer noopener\" href=\"https:\/\/drive.google.com\/drive\/folders\/1f0ofe64ig_4EH4L6AG10hBKoD5sOppqD\" target=\"_blank\">Hac\u00e9 click ac\u00e1 para descargar FICHA DE SALUD PARA EL PROFESORADO DE EDUCACI\u00d3N F\u00cdSICA <\/a><\/p>\n\n\n\n<p>3) CERTIFICADO DE BUENA SALUD ORIGINAL: emitido por un profesional de la salud de una instituci\u00f3n p\u00fablica o privada. (Solo para el Profesorado de Educaci\u00f3n Inicial).<\/p>\n\n\n\n<p>4) CERTIFICADO ANAL\u00cdTICO DE T\u00cdTULO SECUNDARIO&nbsp;registrado en el Consejo Escolar o CERTIFICADO DE T\u00cdTULO EN TR\u00c1MITE (para ambos Profesorados).<\/p>\n\n\n\n<p>Consejo Escolar Villa Gesell: Av. 4 N\u00ba 446 y Paseo 105 (al lado de la Escuela Primaria N\u00ba 1).<\/p>\n\n\n\n<p>Horario de verano: de 8:00 a 13:00 horas. A partir de marzo atienden de 8:00 a 16:00 horas.<\/p>\n\n\n\n<p>Para registrar el t\u00edtulo secundario en el Consejo Escolar:<\/p>\n\n\n\n<p>-Certificado anal\u00edtico de t\u00edtulo secundario original y una copia.<\/p>\n\n\n\n<p>-DNI original y copia.<\/p>\n\n\n\n<p>-Tener domicilio en el DNI en Villa Gesell.<\/p>\n\n\n\n<p>Los t\u00edtulos secundarios obtenidos en otros pa\u00edses requieren homologaci\u00f3n, ingresar en el enlace para mayor informaci\u00f3n:<\/p>\n\n\n\n<p><a href=\"https:\/\/www.argentina.gob.ar\/educacion\/tramites\/convalidar-titulo-secundario-de-paises-con-convenio\">https:\/\/www.argentina.gob.ar\/educacion\/tramites\/convalidar-titulo-secundario-de-paises-con-convenio<\/a><\/p>\n\n\n\n<p><a href=\"https:\/\/www.argentina.gob.ar\/educacion\/tramites\/reconocer-titulo-secundario-de-paises-sin-convenio\">https:\/\/www.argentina.gob.ar\/educacion\/tramites\/reconocer-titulo-secundario-de-paises-sin-convenio<\/a><\/p>\n\n\n\n<p>5) Documento Nacional de Identidad original y copia(se requiere para AMBOS PROFESORADOS)<\/p>\n\n\n\n<p>6) PARTIDA DE NACIMIENTO original y copia (se requiere para AMBOS PROFESORADOS).<\/p>\n\n\n\n<p>7) Dos fotos color tama\u00f1o 4 x 4<\/p>\n\n\n\n<p class=\"has-medium-font-size\">Completar la PRE INSCRIPCI\u00d3N NO GARANTIZA la vacante.<\/p>\n\n\n\n<p><\/p>\n\n\n\n<p><\/p>\n\n\n\n<p><\/p>\n\n\n\n<p><\/p>\n\n\n\n<p><\/p>\n\n\n\n<p><\/p>\n\n\n\n<p><\/p>\n","protected":false},"excerpt":{"rendered":"<p>1\u00ba Etapa: Pre Inscripci\u00f3n ON LINE hasta el 28 de febrero. Solo para el Profesorado de Educaci\u00f3n Inicial. La pre inscripci\u00f3n al Profesorado de Educaci\u00f3n F\u00edsica se encuentra finalizada. Completar formulario de PRE INSCRIPCI\u00d3N ON LINE 2\u00ba Etapa: Pre Inscripci\u00f3n PRESENCIAL. Las y los esperamos a partir del mi\u00e9rcoles 22 de febrero de 18:30 a &#8230; <a title=\"INGRESO 2023\" class=\"read-more\" href=\"https:\/\/isfd169villagesell-bue.infd.edu.ar\/sitio\/inscripcion-aspirantes-ingreso-2023\/\" aria-label=\"M\u00e1s en INGRESO 2023\">[+]<\/a><\/p>\n","protected":false},"author":11,"featured_media":0,"parent":0,"menu_order":0,"comment_status":"closed","ping_status":"closed","template":"","meta":[],"acf":[],"_links":{"self":[{"href":"https:\/\/isfd169villagesell-bue.infd.edu.ar\/sitio\/wp-json\/wp\/v2\/pages\/802"}],"collection":[{"href":"https:\/\/isfd169villagesell-bue.infd.edu.ar\/sitio\/wp-json\/wp\/v2\/pages"}],"about":[{"href":"https:\/\/isfd169villagesell-bue.infd.edu.ar\/sitio\/wp-json\/wp\/v2\/types\/page"}],"author":[{"embeddable":true,"href":"https:\/\/isfd169villagesell-bue.infd.edu.ar\/sitio\/wp-json\/wp\/v2\/users\/11"}],"replies":[{"embeddable":true,"href":"https:\/\/isfd169villagesell-bue.infd.edu.ar\/sitio\/wp-json\/wp\/v2\/comments?post=802"}],"version-history":[{"count":27,"href":"https:\/\/isfd169villagesell-bue.infd.edu.ar\/sitio\/wp-json\/wp\/v2\/pages\/802\/revisions"}],"predecessor-version":[{"id":937,"href":"https:\/\/isfd169villagesell-bue.infd.edu.ar\/sitio\/wp-json\/wp\/v2\/pages\/802\/revisions\/937"}],"wp:attachment":[{"href":"https:\/\/isfd169villagesell-bue.infd.edu.ar\/sitio\/wp-json\/wp\/v2\/media?parent=802"}],"curies":[{"name":"wp","href":"https:\/\/api.w.org\/{rel}","templated":true}]}}