{"id":730,"date":"2018-07-26T10:40:07","date_gmt":"2018-07-26T13:40:07","guid":{"rendered":"https:\/\/isfd169villagesell-bue.infd.edu.ar\/sitio\/?page_id=730"},"modified":"2023-09-08T19:12:23","modified_gmt":"2023-09-08T22:12:23","slug":"ingresantes","status":"publish","type":"page","link":"https:\/\/isfd169villagesell-bue.infd.edu.ar\/sitio\/estudiantes\/ingresantes\/","title":{"rendered":"Formularios"},"content":{"rendered":"<h4><a href=\"https:\/\/drive.google.com\/drive\/folders\/1osnlqr1sdU2SAPeUchwLYMyNaKLa64j8\">Click ac\u00e1 para descargar<em>\u00a0Constancia de Alumno Regular<\/em><\/a><\/h4>\n<h4><a href=\"https:\/\/drive.google.com\/drive\/folders\/1OgK7_gnYhuPm2uFSJJm7nxq0Monpqy4P\">Click ac\u00e1 para decargar FICHA FONI\u00c1TRICA para entregar a la docente de Aptitud Fonoaudiol\u00f3gica<\/a><\/h4>\n<h4><a href=\"https:\/\/drive.google.com\/drive\/folders\/12dsIw_wcupTYBdt44TdAW9-f6w_opdCQ\">Click ac\u00e1 para descargar <em>Constancia de Aptitud Fonoaudiol\u00f3gica<\/em><\/a><\/h4>\n<h4><a href=\"https:\/\/drive.google.com\/drive\/folders\/1rLDiYlucVbgJia2twfnl1kPRwPHg3ws0\">Click ac\u00e1 para descargar <em>Constancia de Asistencia a Ex\u00e1menes<\/em><\/a><\/h4>\n<h4><a href=\"https:\/\/drive.google.com\/drive\/folders\/1pcGyLuTFzPE3lLaJIZNgs-iiuKZBOC3D?usp=sharing\"><strong>Click ac\u00e1 para descargar <em>Constancia de Asistencia a Pr\u00e1ctica en Terreno<\/em><\/strong><\/a><\/h4>\n","protected":false},"excerpt":{"rendered":"<p>Click ac\u00e1 para descargar\u00a0Constancia de Alumno Regular Click ac\u00e1 para decargar FICHA FONI\u00c1TRICA para entregar a la docente de Aptitud Fonoaudiol\u00f3gica Click ac\u00e1 para descargar Constancia de Aptitud Fonoaudiol\u00f3gica Click ac\u00e1 para descargar Constancia de Asistencia a Ex\u00e1menes Click ac\u00e1 para descargar Constancia de Asistencia a Pr\u00e1ctica en Terreno<\/p>\n","protected":false},"author":6,"featured_media":0,"parent":692,"menu_order":0,"comment_status":"closed","ping_status":"closed","template":"","meta":[],"acf":[],"_links":{"self":[{"href":"https:\/\/isfd169villagesell-bue.infd.edu.ar\/sitio\/wp-json\/wp\/v2\/pages\/730"}],"collection":[{"href":"https:\/\/isfd169villagesell-bue.infd.edu.ar\/sitio\/wp-json\/wp\/v2\/pages"}],"about":[{"href":"https:\/\/isfd169villagesell-bue.infd.edu.ar\/sitio\/wp-json\/wp\/v2\/types\/page"}],"author":[{"embeddable":true,"href":"https:\/\/isfd169villagesell-bue.infd.edu.ar\/sitio\/wp-json\/wp\/v2\/users\/6"}],"replies":[{"embeddable":true,"href":"https:\/\/isfd169villagesell-bue.infd.edu.ar\/sitio\/wp-json\/wp\/v2\/comments?post=730"}],"version-history":[{"count":6,"href":"https:\/\/isfd169villagesell-bue.infd.edu.ar\/sitio\/wp-json\/wp\/v2\/pages\/730\/revisions"}],"predecessor-version":[{"id":958,"href":"https:\/\/isfd169villagesell-bue.infd.edu.ar\/sitio\/wp-json\/wp\/v2\/pages\/730\/revisions\/958"}],"up":[{"embeddable":true,"href":"https:\/\/isfd169villagesell-bue.infd.edu.ar\/sitio\/wp-json\/wp\/v2\/pages\/692"}],"wp:attachment":[{"href":"https:\/\/isfd169villagesell-bue.infd.edu.ar\/sitio\/wp-json\/wp\/v2\/media?parent=730"}],"curies":[{"name":"wp","href":"https:\/\/api.w.org\/{rel}","templated":true}]}}